{"id":74,"date":"2017-09-22T21:22:21","date_gmt":"2017-09-22T21:22:21","guid":{"rendered":"http:\/\/hoemer-weinbau.de\/?page_id=74"},"modified":"2017-09-23T12:55:32","modified_gmt":"2017-09-23T12:55:32","slug":"kontakt","status":"publish","type":"page","link":"https:\/\/www.hoemer-weinbau.de\/?page_id=74","title":{"rendered":"Kontakt"},"content":{"rendered":"<p>Weinbau H\u00f6mer<br \/>\nSch\u00f6nbacher Stra\u00dfe 6<br \/>\n97500 Ebelsbach-Steinbach<br \/>\nTelefon 09522-5842<br \/>\n<a href=\"https:\/\/web.archive.org\/web\/20170222230621\/mailto:info@hoemer-weinbau.de\">info@hoemer-weinbau.de<\/a><\/p>\n","protected":false},"excerpt":{"rendered":"<p>Weinbau H\u00f6mer Sch\u00f6nbacher Stra\u00dfe 6 97500 Ebelsbach-Steinbach Telefon 09522-5842 info@hoemer-weinbau.de<\/p>\n","protected":false},"author":1,"featured_media":0,"parent":0,"menu_order":0,"comment_status":"closed","ping_status":"closed","template":"","meta":{"_monsterinsights_skip_tracking":false,"_monsterinsights_sitenote_active":false,"_monsterinsights_sitenote_note":"","_monsterinsights_sitenote_category":0,"_uf_show_specific_survey":0,"_uf_disable_surveys":false,"footnotes":""},"class_list":["post-74","page","type-page","status-publish","hentry"],"aioseo_notices":[],"_links":{"self":[{"href":"https:\/\/www.hoemer-weinbau.de\/index.php?rest_route=\/wp\/v2\/pages\/74","targetHints":{"allow":["GET"]}}],"collection":[{"href":"https:\/\/www.hoemer-weinbau.de\/index.php?rest_route=\/wp\/v2\/pages"}],"about":[{"href":"https:\/\/www.hoemer-weinbau.de\/index.php?rest_route=\/wp\/v2\/types\/page"}],"author":[{"embeddable":true,"href":"https:\/\/www.hoemer-weinbau.de\/index.php?rest_route=\/wp\/v2\/users\/1"}],"replies":[{"embeddable":true,"href":"https:\/\/www.hoemer-weinbau.de\/index.php?rest_route=%2Fwp%2Fv2%2Fcomments&post=74"}],"version-history":[{"count":3,"href":"https:\/\/www.hoemer-weinbau.de\/index.php?rest_route=\/wp\/v2\/pages\/74\/revisions"}],"predecessor-version":[{"id":92,"href":"https:\/\/www.hoemer-weinbau.de\/index.php?rest_route=\/wp\/v2\/pages\/74\/revisions\/92"}],"wp:attachment":[{"href":"https:\/\/www.hoemer-weinbau.de\/index.php?rest_route=%2Fwp%2Fv2%2Fmedia&parent=74"}],"curies":[{"name":"wp","href":"https:\/\/api.w.org\/{rel}","templated":true}]}}