{"id":66,"date":"2017-09-22T21:26:16","date_gmt":"2017-09-22T21:26:16","guid":{"rendered":"http:\/\/hoemer-weinbau.de\/?page_id=66"},"modified":"2022-04-08T20:55:55","modified_gmt":"2022-04-08T20:55:55","slug":"weinbau","status":"publish","type":"page","link":"https:\/\/www.hoemer-weinbau.de\/?page_id=66","title":{"rendered":"Weinbau"},"content":{"rendered":"<p align=\"left\"><img loading=\"lazy\" decoding=\"async\" class=\"aligncenter size-full wp-image-904\" src=\"https:\/\/www.hoemer-weinbau.de\/wp-content\/uploads\/2022\/04\/IMG_0165_4-scaled.jpg\" alt=\"\" width=\"2560\" height=\"769\" srcset=\"https:\/\/www.hoemer-weinbau.de\/wp-content\/uploads\/2022\/04\/IMG_0165_4-scaled.jpg 2560w, https:\/\/www.hoemer-weinbau.de\/wp-content\/uploads\/2022\/04\/IMG_0165_4-300x90.jpg 300w, https:\/\/www.hoemer-weinbau.de\/wp-content\/uploads\/2022\/04\/IMG_0165_4-1024x307.jpg 1024w, https:\/\/www.hoemer-weinbau.de\/wp-content\/uploads\/2022\/04\/IMG_0165_4-768x231.jpg 768w, https:\/\/www.hoemer-weinbau.de\/wp-content\/uploads\/2022\/04\/IMG_0165_4-1536x461.jpg 1536w, https:\/\/www.hoemer-weinbau.de\/wp-content\/uploads\/2022\/04\/IMG_0165_4-2048x615.jpg 2048w, https:\/\/www.hoemer-weinbau.de\/wp-content\/uploads\/2022\/04\/IMG_0165_4-1920x576.jpg 1920w\" sizes=\"auto, (max-width: 2560px) 100vw, 2560px\" \/><\/p>\n<p align=\"left\">Wein ab Hof<br \/>\nZiegelangerer \u00d6lschnabel<br \/>\nM\u00fcller-Thurgau Qualit\u00e4tswein trocken<\/p>\n<p class=\"weinbaucss07\" align=\"left\">Steinbacher Nonnenberg<br \/>\nSilvaner Qualit\u00e4tswein trocken<br \/>\nSteillagenanbau<\/p>\n<p class=\"weinbaucss07\" align=\"left\">Steinbacher Nonnenberg<br \/>\nDomina Qualit\u00e4tswein trocken<\/p>\n<p align=\"left\">Steinbacher Nonnenberg<br \/>\nRotling Qualit\u00e4tswein<br \/>\nhalbtrocken<\/p>\n<p>Prinzessinnenwein<br \/>\nSteinbacher Nonnenberg<br \/>\nRose\u00b4 Qualit\u00e4tswein trocken<\/p>\n","protected":false},"excerpt":{"rendered":"<p>Wein ab Hof Ziegelangerer \u00d6lschnabel M\u00fcller-Thurgau Qualit\u00e4tswein trocken Steinbacher Nonnenberg Silvaner Qualit\u00e4tswein trocken Steillagenanbau Steinbacher Nonnenberg Domina Qualit\u00e4tswein trocken Steinbacher Nonnenberg Rotling Qualit\u00e4tswein halbtrocken Prinzessinnenwein Steinbacher Nonnenberg Rose\u00b4 Qualit\u00e4tswein trocken<\/p>\n","protected":false},"author":1,"featured_media":0,"parent":0,"menu_order":0,"comment_status":"closed","ping_status":"closed","template":"","meta":{"_monsterinsights_skip_tracking":false,"_monsterinsights_sitenote_active":false,"_monsterinsights_sitenote_note":"","_monsterinsights_sitenote_category":0,"_uf_show_specific_survey":0,"_uf_disable_surveys":false,"footnotes":""},"class_list":["post-66","page","type-page","status-publish","hentry"],"aioseo_notices":[],"_links":{"self":[{"href":"https:\/\/www.hoemer-weinbau.de\/index.php?rest_route=\/wp\/v2\/pages\/66","targetHints":{"allow":["GET"]}}],"collection":[{"href":"https:\/\/www.hoemer-weinbau.de\/index.php?rest_route=\/wp\/v2\/pages"}],"about":[{"href":"https:\/\/www.hoemer-weinbau.de\/index.php?rest_route=\/wp\/v2\/types\/page"}],"author":[{"embeddable":true,"href":"https:\/\/www.hoemer-weinbau.de\/index.php?rest_route=\/wp\/v2\/users\/1"}],"replies":[{"embeddable":true,"href":"https:\/\/www.hoemer-weinbau.de\/index.php?rest_route=%2Fwp%2Fv2%2Fcomments&post=66"}],"version-history":[{"count":17,"href":"https:\/\/www.hoemer-weinbau.de\/index.php?rest_route=\/wp\/v2\/pages\/66\/revisions"}],"predecessor-version":[{"id":909,"href":"https:\/\/www.hoemer-weinbau.de\/index.php?rest_route=\/wp\/v2\/pages\/66\/revisions\/909"}],"wp:attachment":[{"href":"https:\/\/www.hoemer-weinbau.de\/index.php?rest_route=%2Fwp%2Fv2%2Fmedia&parent=66"}],"curies":[{"name":"wp","href":"https:\/\/api.w.org\/{rel}","templated":true}]}}