{"id":379,"date":"2019-12-30T21:24:40","date_gmt":"2019-12-30T21:24:40","guid":{"rendered":"https:\/\/www.hoemer-weinbau.de\/?page_id=379"},"modified":"2026-01-13T17:49:28","modified_gmt":"2026-01-13T17:49:28","slug":"mesmerize","status":"publish","type":"page","link":"https:\/\/www.hoemer-weinbau.de\/","title":{"rendered":"Front Page"},"content":{"rendered":"<div  data-label=\"Kontakt\" data-id=\"features--1\" data-export-id=\"features-16\" data-category=\"features\" class=\"features-16 content-section content-section-spacing\" id=\"kontakt-1\" style=\"background-color: rgb(255, 255, 255);\" data-bullets-visibility=\"true\"><div  class=\"gridContainer\"> <div  class=\"row text-center\"><div  class=\"section-title-col\" data-type=\"column\">  <\/div> <\/div> <div  class=\"row spaced-cols\" data-type=\"row\"> <div  class=\"col-xs-12 col-sm-6 col-md-4 space-bottom\"> <img  decoding=\"async\" class=\"face\" src=\"https:\/\/www.hoemer-weinbau.de\/wp-content\/uploads\/2017\/09\/cropped-DSC_8128-e1506261311624-1.jpg\" alt=\"\" title=\"cropped-DSC_8128-e1506261311624-1.jpg\"> <div  data-type=\"column\" class=\"col-padding-small col-padding-small-xs description-container\"> <h4  class=\"font-500\">\u00d6ffnungszeiten<\/h4> <p  class=\"\">Freitag, den 13.02.26 ab 17 Uhr<br >Samstag, den 14.02.26 ab 16 Uhr<br >Sonntag, den 15.02.26 ab 14 Uhr<br >Rosenmontag, den 16.02.26 ab 14 Uhr<br >Faschingsdienstag, den 17.02.26 ab 14 Uhr<br >Aschermittwoch den 18.02.26 ab 17 Uhr \n<br >nur mit Reservierung und Vorbestellung von mairniertem Hering oder wei\u00dfem K\u00e4se.<br ><br >\n<br ><br >\n<\/p> <\/div> <\/div> <div  class=\"col-xs-12 col-sm-6 col-md-4 space-bottom\"> <img  decoding=\"async\" class=\"face\" src=\"https:\/\/www.hoemer-weinbau.de\/wp-content\/uploads\/2020\/01\/cropped-weinabhof-16.png\" alt=\"\" title=\"cropped-weinabhof-16.png\"> <div  data-type=\"column\" class=\"col-padding-small col-padding-small-xs description-container\"> <h4  class=\"font-500\">Wein ab Hof<\/h4> <p  class=\"\">Unsere Weine gibt es nur direkt beim Winzer. Ganzj\u00e4hrig nach telefonischer Vereinbarung.\n<br >\n<br >Genie\u00dfen Sie unsere Neuheiten:&nbsp;<br >Ros\u00e9cco Perlwein und den<br >Prinzessinnenwein Steinbacher Nonnenberg Rose\u00b4<\/p> <\/div> <\/div> <div  class=\"col-xs-12 col-sm-6 col-md-4 space-bottom\"> <img  decoding=\"async\" class=\"face\" src=\"https:\/\/www.hoemer-weinbau.de\/wp-content\/uploads\/2017\/09\/cropped-DSC_8116-1024x685-1.jpg\" alt=\"\" title=\"cropped-DSC_8116-1024x685-1.jpg\"> <div  data-type=\"column\" class=\"col-padding-small col-padding-small-xs description-container\"> <h4  class=\"font-500\">Anschrift<\/h4> <p  class=\"\">Weinbau H\u00f6mer \u2028\n<br >Sch\u00f6nbacher Str. 6 \u2028\n<br >97500 Ebelsbach-Steinbach \n<br >\u2028Tel. 09522-5842<\/p> <\/div> <\/div><\/div> <\/div><\/div><div  id=\"termine\" style=\"background-color: #f5fafd;\" data-label=\"Termine\" data-id=\"about-images-right-section-mc\" data-export-id=\"about-images-right-section-mc\" data-bullets-visibility=\"true\" data-category=\"about\" class=\"about-images-right-section-mc content-section content-section-spacing\"><div  class=\"gridContainer\"> <div  class=\"row middle-sm text-center\"><div  class=\"col-sm-5 content-left-sm\" data-type=\"column\"> <h5  class=\"\">Weinbau H\u00f6mer<\/h5> <h2  class=\"\">ABT DEGEN WEINTAL<br ><font  face=\"Playfair Display, sans-serif\"><b ><i >\n<br >Weinprinzessin\n<br >Anna-Lena<br >2019-2024\n<\/i><\/b><\/font><\/h2> <p  class=\"\"><\/p> <\/div> <div  class=\"col-sm-7 space-bottom-xs\"><div  class=\"image-group-side-3-img\"> <img  decoding=\"async\" class=\"topimg shadow-large\" src=\"https:\/\/www.hoemer-weinbau.de\/wp-content\/uploads\/2024\/04\/cropped-cropped-IMG_4397-scaled-1.jpeg\" alt=\"\" title=\"IMG_4397\"> <img  decoding=\"async\" class=\"rightimg shadow-large\" src=\"https:\/\/www.hoemer-weinbau.de\/wp-content\/uploads\/2017\/09\/cropped-cropped-mauer2-4.jpg\" alt=\"\" title=\"cropped-cropped-mauer2-4.jpg\"> <div  class=\"leftimg\"> <img  decoding=\"async\" class=\"shadow-large\" src=\"https:\/\/www.hoemer-weinbau.de\/wp-content\/uploads\/2024\/04\/cropped-Unknown.jpeg\" alt=\"\" title=\"cropped-Unknown.jpeg\"><\/div> <\/div><\/div> <\/div><\/div> <\/div><div  id=\"wein\" style=\"background-color: #ffffff;\" data-label=\"Wein\" data-id=\"features-16-card-bordered-mc\" data-export-id=\"features-16-card-bordered-mc\" data-category=\"features\" class=\"features-16-card-bordered-mc content-section content-section-spacing\" data-bullets-visibility=\"true\"><div  class=\"gridContainer\"> <div  class=\"row text-center\"><div  class=\"section-title-col\" data-type=\"column\"> <h5  class=\"\"><\/h5> <h2  class=\"\"><\/h2> <p  class=\"lead\">.<\/p><\/div> <\/div> <div  class=\"row spaced-cols\" data-type=\"row\"> <div  class=\"col-xs-12 col-sm-6 col-md-4\"> <div  class=\"card no-padding bordered y-move\"> <img  decoding=\"async\" class=\"face\" src=\"https:\/\/www.hoemer-weinbau.de\/wp-content\/uploads\/2017\/09\/cropped-heckenwirtschaft_0569-1920x580.jpg\" alt=\"\" title=\"cropped-heckenwirtschaft_0569-1920x580.jpg\"> <div  data-type=\"column\" class=\"col-padding-small col-padding-small-xs description-container\"> <h4  class=\"font-500\">Heckenwirtschaft<\/h4> <p  class=\"\">Freitag, den 13.02.26 ab 17 Uhr<br >Samstag, den 14.02.26 ab 16 Uhr<br >Sonntag, den 15.02.26 ab 14 Uhr<br >Rosenmontag, den 16.02.26 ab 14 Uhr<br >Faschingsdienstag, den 17.02.26 ab 14 Uhr<br >Aschermittwoch den 18.02.26 ab 17 Uhr \n<br >nur mit Reservierung und Vorbestellung von marniertem Hering oder wei\u00dfem K\u00e4se.<br > <\/p><\/div> <div  data-type=\"column\" class=\"col-padding-small col-padding-small-xs read-more-container\"><a  class=\"read-more\" href=\"#\" target=\"_self\" data-cp-link=\"1\" rel=\"noopener noreferrer\"><\/a><\/div> <\/div><\/div>  <div  class=\"col-xs-12 col-sm-6 col-md-4\"> <div  class=\"card no-padding bordered y-move\"> <img  decoding=\"async\" class=\"face\" src=\"https:\/\/www.hoemer-weinbau.de\/wp-content\/uploads\/2017\/09\/cropped-cropped-cropped-cropped-mauer2-4.jpg\" alt=\"\" title=\"cropped-cropped-cropped-cropped-mauer2-4.jpg\"> <div  data-type=\"column\" class=\"col-padding-small col-padding-small-xs description-container\"> <h4  class=\"font-500\"><\/h4> <p  class=\"\"><\/p>\n\t\t\t\n\t\t\t\t<!-- HappyForms CSS variables -->\n\t\n\t<!-- End of HappyForms CSS variables -->\n\t\t<!-- HappyForms Additional CSS -->\n\t\n\t<!-- End of HappyForms Additional CSS -->\n\t\n<br  class=\"\"> <\/div> <div  data-type=\"column\" class=\"col-padding-small col-padding-small-xs read-more-container\"><a  class=\"read-more\" href=\"#\" target=\"_self\" data-cp-link=\"1\" rel=\"noopener noreferrer\"><\/a><\/div> <\/div><\/div><div  class=\"col-xs-12 col-sm-6 col-md-4\"><div  class=\"card no-padding bordered y-move\"> <img  decoding=\"async\" class=\"face\" src=\"https:\/\/www.hoemer-weinbau.de\/wp-content\/uploads\/2022\/04\/cropped-IMG_0165_3-scaled-1.jpg\" alt=\"\" title=\"cropped-IMG_0165_3-scaled-1.jpg\"> <div  data-type=\"column\" class=\"col-padding-small col-padding-small-xs description-container\"> <h4  class=\"font-500\">Weinbau<\/h4> <p  class=\"\">Wein ab Hof<br >Ziegelangerer \u00d6lschnabel<br >M\u00fcller- Thurgau &nbsp;trocken<br ><br >Steinbacher Nonnenberg<br >Silvaner Qualit\u00e4tswein trocken\n<br >Steillagenanbau<br ><br >Steinbacher Nonnenberg<br >Domina Qualit\u00e4tswein trocken\n<br ><br >\nSteinbacher Nonnenberg\n<br >Rotling Qualt\u00e4tswein halbtrocken<br >\n<br >Ros\u00e9cco\nPerlwein&nbsp;<br >\n<br >Prinzessinnenwein<br >Steinbacher Nonnenberg<br >Rose\u2018 &nbsp;trocken<\/p><\/div> <div  data-type=\"column\" class=\"col-padding-small col-padding-small-xs read-more-container\"><a  class=\"read-more\" href=\"#\" target=\"_self\" data-cp-link=\"1\" rel=\"noopener noreferrer\"><\/a><\/div> <\/div><\/div> <\/div><\/div> <\/div><div  data-label=\"Weinwandern\" data-id=\"about--1\" data-export-id=\"about-4\" data-category=\"about\" class=\"about-4 content-section content-section-spacing\" id=\"weinwandern\" style=\"background-color: rgb(255, 255, 255);\" data-bullets-visibility=\"true\"><div  class=\"gridContainer\"> <div  class=\"row middle-sm text-center\"><div  class=\"col-sm-5 space-bottom-xs\" data-type=\"column\"> <h5  class=\"\">ABT-DEGEN-WEINTAL-WEG<\/h5> <h2  class=\"\">Weinwandern&nbsp;<br > <span  style=\"font-family: Playfair Display,sans-serif; font-weight: 700; font-style: italic;\" href=\"#\">zwischen Steinbach<\/span>&nbsp;und Zeil<\/h2> <p  class=\"\">Der ABT-DEGEN-STEIG f\u00fchrt mitten durch den Frankenwein. Mit Standorttafeln, geologischen Informationen, Weinsortentafeln und Hinweisen zum Weinbau in den Orten Schmachtenberg, Ziegelanger und Steinbach. Kulturgeschichtliches rund um den Wein wird lebendig beschrieben.<br ><br >Wundersch\u00f6ne Ausblicke \u00fcber das Maintal \u2013 Barockkirche Maria Limbach bis nach Bamberg zeichen den WeinWanderWeg aus. Romantische Abschnitte wie z.B. alte Winzertreppen in den Teilweise historischen, mittelalterlichen Rebh\u00e4ngen, oder der \u201eEselsteig\u201c wechseln sich ab mit waldschattigen Wegabschnitten.<br >Strecken von 5 bis 25 km k\u00f6nnen ganz beliebig gew\u00e4hlt werden. Ruheb\u00e4nke und Brotzeitpl\u00e4tze<br >an interessanten Aussichtpunkten laden zu<br >erholsamen Pausen ein.<br ><br >(Auszug aus der Brosch\u00fcre WeinWanderWeg)<\/p> <a  class=\"button color1\" href=\"http:\/\/www.abt-degen-weintal.de\" target=\"_blank\" data-cp-link=\"1\" rel=\"noopener noreferrer\">Abt-Degen-Weintal<\/a><\/div> <div  class=\"col-sm-7 flexbox center-xs middle-xs image-group-2-img\"> <img  decoding=\"async\" class=\"img-1 shadow-large\" data-size=\"250x200\" src=\"https:\/\/www.hoemer-weinbau.de\/wp-content\/uploads\/2019\/12\/cropped-PICT3348.jpg\" alt=\"\" title=\"cropped-PICT3348.jpg\"> <img  decoding=\"async\" class=\"img-2 shadow-large\" data-size=\"220x170\" src=\"https:\/\/www.hoemer-weinbau.de\/wp-content\/uploads\/2019\/12\/cropped-cropped-PICT3344.jpg\" alt=\"\" title=\"cropped-cropped-PICT3344.jpg\"><\/div> <\/div><\/div> <\/div><div  data-label=\"Links\" data-id=\"clients--1\" data-export-id=\"clients-4\" data-category=\"clients\" class=\"clients-4 content-section content-section-spacing-small\" id=\"links\" style=\"background-color: rgb(245, 250, 253); background-image: none;\" data-bullets-visibility=\"true\"><div  class=\"gridContainer\"> <div  class=\"row\"><div  data-type=\"column\" class=\"section-title-col\"> <h2  class=\"font-700\"><\/h2> <p  class=\"lead\"><\/p><\/div> <\/div> <div  data-type=\"row\" class=\"row spaced-cols middle-xs center-xs space-bottom padding-lr\"> <div  class=\"col-xs-6 col-sm-2\"> <a  data-cp-link=\"1\" href=\"http:\/\/abt-degen-weintal.de\" class=\"\" target=\"_blank\" rel=\"noopener noreferrer\"><img  decoding=\"async\" src=\"https:\/\/www.hoemer-weinbau.de\/wp-content\/uploads\/2019\/12\/cropped-logo_abt_degen_.png\" class=\"\" alt=\"\" title=\"cropped-logo_abt_degen_.png\"><\/a><\/div> <div  class=\"col-xs-6 col-sm-2\"> <a  data-cp-link=\"1\" href=\"http:\/\/naturpark-hassberge.de\" class=\"\" target=\"_blank\" rel=\"noopener noreferrer\"><img  decoding=\"async\" src=\"https:\/\/www.hoemer-weinbau.de\/wp-content\/uploads\/2019\/12\/cropped-logo-naturpark-hassberge.png\" class=\"\" alt=\"\" title=\"cropped-logo-naturpark-hassberge.png\"><\/a><\/div> <div  class=\"col-xs-6 col-sm-2\"> <a  data-cp-link=\"1\" href=\"https:\/\/www.frankentourismus.de\" class=\"\" target=\"_blank\" rel=\"noopener noreferrer\"><img  decoding=\"async\" src=\"https:\/\/www.hoemer-weinbau.de\/wp-content\/uploads\/2019\/12\/cropped-franken.jpg\" class=\"\" alt=\"\" title=\"cropped-franken.jpg\"><\/a><\/div> <div  class=\"col-xs-6 col-sm-2\"> <a  data-cp-link=\"1\" href=\"https:\/\/www.jugendhaus-steinbach.de\" class=\"\" target=\"_blank\" rel=\"noopener noreferrer\"><img  decoding=\"async\" src=\"https:\/\/www.hoemer-weinbau.de\/wp-content\/uploads\/2019\/12\/cropped-logo_kja_typo3__regio_hassberge-1.png\" class=\"\" alt=\"\" title=\"cropped-logo_kja_typo3__regio_hassberge-1.png\"><\/a><\/div>   <div  class=\"col-xs-6 col-sm-2\"> <a  class=\"link\" href=\"https:\/\/www.hoemer-weinbau.de?page_id=276\" target=\"_self\" data-cp-link=\"1\" rel=\"noopener noreferrer\">Impressum<\/a><\/div><\/div><\/div> <\/div>","protected":false},"excerpt":{"rendered":"<p>\u00d6ffnungszeiten Freitag, den 13.02.26 ab 17 UhrSamstag, den 14.02.26 ab 16 UhrSonntag, den 15.02.26 ab 14 UhrRosenmontag, den 16.02.26 ab 14 UhrFaschingsdienstag, den 17.02.26 ab 14 UhrAschermittwoch den 18.02.26 ab 17 Uhr nur mit Reservierung und Vorbestellung von mairniertem Hering oder wei\u00dfem K\u00e4se. Wein ab Hof Unsere Weine gibt es nur direkt beim Winzer. Ganzj\u00e4hrig&hellip; <br \/> <a class=\"read-more\" href=\"https:\/\/www.hoemer-weinbau.de\/\">Weiterlesen<\/a><\/p>\n","protected":false},"author":1,"featured_media":0,"parent":0,"menu_order":0,"comment_status":"closed","ping_status":"closed","template":"page-templates\/homepage.php","meta":{"_monsterinsights_skip_tracking":false,"_monsterinsights_sitenote_active":false,"_monsterinsights_sitenote_note":"","_monsterinsights_sitenote_category":0,"_uf_show_specific_survey":0,"_uf_disable_surveys":false,"footnotes":""},"class_list":["post-379","page","type-page","status-publish","hentry"],"aioseo_notices":[],"_links":{"self":[{"href":"https:\/\/www.hoemer-weinbau.de\/index.php?rest_route=\/wp\/v2\/pages\/379","targetHints":{"allow":["GET"]}}],"collection":[{"href":"https:\/\/www.hoemer-weinbau.de\/index.php?rest_route=\/wp\/v2\/pages"}],"about":[{"href":"https:\/\/www.hoemer-weinbau.de\/index.php?rest_route=\/wp\/v2\/types\/page"}],"author":[{"embeddable":true,"href":"https:\/\/www.hoemer-weinbau.de\/index.php?rest_route=\/wp\/v2\/users\/1"}],"replies":[{"embeddable":true,"href":"https:\/\/www.hoemer-weinbau.de\/index.php?rest_route=%2Fwp%2Fv2%2Fcomments&post=379"}],"version-history":[{"count":143,"href":"https:\/\/www.hoemer-weinbau.de\/index.php?rest_route=\/wp\/v2\/pages\/379\/revisions"}],"predecessor-version":[{"id":1137,"href":"https:\/\/www.hoemer-weinbau.de\/index.php?rest_route=\/wp\/v2\/pages\/379\/revisions\/1137"}],"wp:attachment":[{"href":"https:\/\/www.hoemer-weinbau.de\/index.php?rest_route=%2Fwp%2Fv2%2Fmedia&parent=379"}],"curies":[{"name":"wp","href":"https:\/\/api.w.org\/{rel}","templated":true}]}}